{"id":9277,"date":"2025-10-21T13:08:32","date_gmt":"2025-10-21T11:08:32","guid":{"rendered":"https:\/\/www.vallesalado.com\/producto\/anana-salt-tasting-set\/"},"modified":"2025-10-21T13:08:32","modified_gmt":"2025-10-21T11:08:32","slug":"anana-salt-tasting-set","status":"publish","type":"product","link":"https:\/\/www.vallesalado.com\/en\/producto\/anana-salt-tasting-set\/","title":{"rendered":"A\u00f1ana Salt Tasting Set"},"content":{"rendered":"<p>Tasting pack of A\u00f1ana Spring Salts, artisanally crafted in the historic Salt Valley. Presented in elegant glass jars, it includes garlic, cayenne, and herbes de Provence varieties, enhancing any dish with their purity and unique character. <\/p>\n","protected":false},"excerpt":{"rendered":"<p>Tasting pack of A\u00f1ana Spring Salts in glass jars, featuring natural flavors of garlic, cayenne, and herbes de Provence.<\/p>\n","protected":false},"featured_media":8689,"comment_status":"open","ping_status":"closed","template":"","meta":{"inline_featured_image":false,"_links_to":"","_links_to_target":""},"product_brand":[],"product_cat":[70,82],"product_tag":[],"class_list":{"0":"post-9277","1":"product","2":"type-product","3":"status-publish","4":"has-post-thumbnail","6":"product_cat-merchandising-en","7":"product_cat-uncategorized","9":"first","10":"instock","11":"taxable","12":"shipping-taxable","13":"purchasable","14":"product-type-simple"},"yoast_head":"<!-- This site is optimized with the Yoast SEO plugin v26.7 - https:\/\/yoast.com\/wordpress\/plugins\/seo\/ -->\n<title>A\u00f1ana Salt Tasting Set - Valle Salado de A\u00f1ana<\/title>\n<meta name=\"robots\" content=\"index, follow, max-snippet:-1, max-image-preview:large, max-video-preview:-1\" \/>\n<link rel=\"canonical\" href=\"https:\/\/www.vallesalado.com\/en\/producto\/anana-salt-tasting-set\/\" \/>\n<meta property=\"og:locale\" content=\"en_US\" \/>\n<meta property=\"og:type\" content=\"article\" \/>\n<meta property=\"og:title\" content=\"A\u00f1ana Salt Tasting Set - Valle Salado de A\u00f1ana\" \/>\n<meta property=\"og:description\" content=\"Tasting pack of A\u00f1ana Spring Salts in glass jars, featuring natural flavors of garlic, cayenne, and herbes de Provence.\" \/>\n<meta property=\"og:url\" content=\"https:\/\/www.vallesalado.com\/en\/producto\/anana-salt-tasting-set\/\" \/>\n<meta property=\"og:site_name\" content=\"Valle Salado de A\u00f1ana\" \/>\n<meta property=\"article:publisher\" content=\"https:\/\/www.facebook.com\/ValleSaladodeAnana\" \/>\n<meta property=\"og:image\" content=\"https:\/\/www.vallesalado.com\/wp-content\/uploads\/2025\/10\/Torreta-WEB.png\" \/>\n\t<meta property=\"og:image:width\" content=\"800\" \/>\n\t<meta property=\"og:image:height\" content=\"800\" \/>\n\t<meta property=\"og:image:type\" content=\"image\/png\" \/>\n<meta name=\"twitter:card\" content=\"summary_large_image\" \/>\n<meta name=\"twitter:site\" content=\"@vallesalado\" \/>\n<script type=\"application\/ld+json\" class=\"yoast-schema-graph\">{\"@context\":\"https:\/\/schema.org\",\"@graph\":[{\"@type\":\"WebPage\",\"@id\":\"https:\/\/www.vallesalado.com\/en\/producto\/anana-salt-tasting-set\/\",\"url\":\"https:\/\/www.vallesalado.com\/en\/producto\/anana-salt-tasting-set\/\",\"name\":\"A\u00f1ana Salt Tasting Set - Valle Salado de A\u00f1ana\",\"isPartOf\":{\"@id\":\"https:\/\/www.vallesalado.com\/en\/#website\"},\"primaryImageOfPage\":{\"@id\":\"https:\/\/www.vallesalado.com\/en\/producto\/anana-salt-tasting-set\/#primaryimage\"},\"image\":{\"@id\":\"https:\/\/www.vallesalado.com\/en\/producto\/anana-salt-tasting-set\/#primaryimage\"},\"thumbnailUrl\":\"https:\/\/www.vallesalado.com\/wp-content\/uploads\/2025\/10\/Torreta-WEB.png\",\"datePublished\":\"2025-10-21T11:08:32+00:00\",\"breadcrumb\":{\"@id\":\"https:\/\/www.vallesalado.com\/en\/producto\/anana-salt-tasting-set\/#breadcrumb\"},\"inLanguage\":\"en-US\",\"potentialAction\":[{\"@type\":\"ReadAction\",\"target\":[\"https:\/\/www.vallesalado.com\/en\/producto\/anana-salt-tasting-set\/\"]}]},{\"@type\":\"ImageObject\",\"inLanguage\":\"en-US\",\"@id\":\"https:\/\/www.vallesalado.com\/en\/producto\/anana-salt-tasting-set\/#primaryimage\",\"url\":\"https:\/\/www.vallesalado.com\/wp-content\/uploads\/2025\/10\/Torreta-WEB.png\",\"contentUrl\":\"https:\/\/www.vallesalado.com\/wp-content\/uploads\/2025\/10\/Torreta-WEB.png\",\"width\":800,\"height\":800},{\"@type\":\"BreadcrumbList\",\"@id\":\"https:\/\/www.vallesalado.com\/en\/producto\/anana-salt-tasting-set\/#breadcrumb\",\"itemListElement\":[{\"@type\":\"ListItem\",\"position\":1,\"name\":\"Valle Salado\",\"item\":\"https:\/\/www.vallesalado.com\/en\/\"},{\"@type\":\"ListItem\",\"position\":2,\"name\":\"Shop\",\"item\":\"https:\/\/www.vallesalado.com\/tienda\/\"},{\"@type\":\"ListItem\",\"position\":3,\"name\":\"A\u00f1ana Salt Tasting Set\"}]},{\"@type\":\"WebSite\",\"@id\":\"https:\/\/www.vallesalado.com\/en\/#website\",\"url\":\"https:\/\/www.vallesalado.com\/en\/\",\"name\":\"Valle Salado de A\u00f1ana\",\"description\":\"Valle Salado de A\u00f1ana\",\"publisher\":{\"@id\":\"https:\/\/www.vallesalado.com\/en\/#organization\"},\"potentialAction\":[{\"@type\":\"SearchAction\",\"target\":{\"@type\":\"EntryPoint\",\"urlTemplate\":\"https:\/\/www.vallesalado.com\/en\/?s={search_term_string}\"},\"query-input\":{\"@type\":\"PropertyValueSpecification\",\"valueRequired\":true,\"valueName\":\"search_term_string\"}}],\"inLanguage\":\"en-US\"},{\"@type\":\"Organization\",\"@id\":\"https:\/\/www.vallesalado.com\/en\/#organization\",\"name\":\"Valle Salado de A\u00f1ana\",\"url\":\"https:\/\/www.vallesalado.com\/en\/\",\"logo\":{\"@type\":\"ImageObject\",\"inLanguage\":\"en-US\",\"@id\":\"https:\/\/www.vallesalado.com\/en\/#\/schema\/logo\/image\/\",\"url\":\"https:\/\/www.vallesalado.com\/wp-content\/uploads\/2025\/05\/logo-valle-salado.webp\",\"contentUrl\":\"https:\/\/www.vallesalado.com\/wp-content\/uploads\/2025\/05\/logo-valle-salado.webp\",\"width\":600,\"height\":143,\"caption\":\"Valle Salado de A\u00f1ana\"},\"image\":{\"@id\":\"https:\/\/www.vallesalado.com\/en\/#\/schema\/logo\/image\/\"},\"sameAs\":[\"https:\/\/www.facebook.com\/ValleSaladodeAnana\",\"https:\/\/x.com\/vallesalado\",\"https:\/\/www.instagram.com\/vallesalado\/\"]}]}<\/script>\n<!-- \/ Yoast SEO plugin. -->","yoast_head_json":{"title":"A\u00f1ana Salt Tasting Set - Valle Salado de A\u00f1ana","robots":{"index":"index","follow":"follow","max-snippet":"max-snippet:-1","max-image-preview":"max-image-preview:large","max-video-preview":"max-video-preview:-1"},"canonical":"https:\/\/www.vallesalado.com\/en\/producto\/anana-salt-tasting-set\/","og_locale":"en_US","og_type":"article","og_title":"A\u00f1ana Salt Tasting Set - Valle Salado de A\u00f1ana","og_description":"Tasting pack of A\u00f1ana Spring Salts in glass jars, featuring natural flavors of garlic, cayenne, and herbes de Provence.","og_url":"https:\/\/www.vallesalado.com\/en\/producto\/anana-salt-tasting-set\/","og_site_name":"Valle Salado de A\u00f1ana","article_publisher":"https:\/\/www.facebook.com\/ValleSaladodeAnana","og_image":[{"width":800,"height":800,"url":"https:\/\/www.vallesalado.com\/wp-content\/uploads\/2025\/10\/Torreta-WEB.png","type":"image\/png"}],"twitter_card":"summary_large_image","twitter_site":"@vallesalado","schema":{"@context":"https:\/\/schema.org","@graph":[{"@type":"WebPage","@id":"https:\/\/www.vallesalado.com\/en\/producto\/anana-salt-tasting-set\/","url":"https:\/\/www.vallesalado.com\/en\/producto\/anana-salt-tasting-set\/","name":"A\u00f1ana Salt Tasting Set - Valle Salado de A\u00f1ana","isPartOf":{"@id":"https:\/\/www.vallesalado.com\/en\/#website"},"primaryImageOfPage":{"@id":"https:\/\/www.vallesalado.com\/en\/producto\/anana-salt-tasting-set\/#primaryimage"},"image":{"@id":"https:\/\/www.vallesalado.com\/en\/producto\/anana-salt-tasting-set\/#primaryimage"},"thumbnailUrl":"https:\/\/www.vallesalado.com\/wp-content\/uploads\/2025\/10\/Torreta-WEB.png","datePublished":"2025-10-21T11:08:32+00:00","breadcrumb":{"@id":"https:\/\/www.vallesalado.com\/en\/producto\/anana-salt-tasting-set\/#breadcrumb"},"inLanguage":"en-US","potentialAction":[{"@type":"ReadAction","target":["https:\/\/www.vallesalado.com\/en\/producto\/anana-salt-tasting-set\/"]}]},{"@type":"ImageObject","inLanguage":"en-US","@id":"https:\/\/www.vallesalado.com\/en\/producto\/anana-salt-tasting-set\/#primaryimage","url":"https:\/\/www.vallesalado.com\/wp-content\/uploads\/2025\/10\/Torreta-WEB.png","contentUrl":"https:\/\/www.vallesalado.com\/wp-content\/uploads\/2025\/10\/Torreta-WEB.png","width":800,"height":800},{"@type":"BreadcrumbList","@id":"https:\/\/www.vallesalado.com\/en\/producto\/anana-salt-tasting-set\/#breadcrumb","itemListElement":[{"@type":"ListItem","position":1,"name":"Valle Salado","item":"https:\/\/www.vallesalado.com\/en\/"},{"@type":"ListItem","position":2,"name":"Shop","item":"https:\/\/www.vallesalado.com\/tienda\/"},{"@type":"ListItem","position":3,"name":"A\u00f1ana Salt Tasting Set"}]},{"@type":"WebSite","@id":"https:\/\/www.vallesalado.com\/en\/#website","url":"https:\/\/www.vallesalado.com\/en\/","name":"Valle Salado de A\u00f1ana","description":"Valle Salado de A\u00f1ana","publisher":{"@id":"https:\/\/www.vallesalado.com\/en\/#organization"},"potentialAction":[{"@type":"SearchAction","target":{"@type":"EntryPoint","urlTemplate":"https:\/\/www.vallesalado.com\/en\/?s={search_term_string}"},"query-input":{"@type":"PropertyValueSpecification","valueRequired":true,"valueName":"search_term_string"}}],"inLanguage":"en-US"},{"@type":"Organization","@id":"https:\/\/www.vallesalado.com\/en\/#organization","name":"Valle Salado de A\u00f1ana","url":"https:\/\/www.vallesalado.com\/en\/","logo":{"@type":"ImageObject","inLanguage":"en-US","@id":"https:\/\/www.vallesalado.com\/en\/#\/schema\/logo\/image\/","url":"https:\/\/www.vallesalado.com\/wp-content\/uploads\/2025\/05\/logo-valle-salado.webp","contentUrl":"https:\/\/www.vallesalado.com\/wp-content\/uploads\/2025\/05\/logo-valle-salado.webp","width":600,"height":143,"caption":"Valle Salado de A\u00f1ana"},"image":{"@id":"https:\/\/www.vallesalado.com\/en\/#\/schema\/logo\/image\/"},"sameAs":["https:\/\/www.facebook.com\/ValleSaladodeAnana","https:\/\/x.com\/vallesalado","https:\/\/www.instagram.com\/vallesalado\/"]}]}},"_links":{"self":[{"href":"https:\/\/www.vallesalado.com\/en\/wp-json\/wp\/v2\/product\/9277","targetHints":{"allow":["GET"]}}],"collection":[{"href":"https:\/\/www.vallesalado.com\/en\/wp-json\/wp\/v2\/product"}],"about":[{"href":"https:\/\/www.vallesalado.com\/en\/wp-json\/wp\/v2\/types\/product"}],"replies":[{"embeddable":true,"href":"https:\/\/www.vallesalado.com\/en\/wp-json\/wp\/v2\/comments?post=9277"}],"wp:featuredmedia":[{"embeddable":true,"href":"https:\/\/www.vallesalado.com\/en\/wp-json\/wp\/v2\/media\/8689"}],"wp:attachment":[{"href":"https:\/\/www.vallesalado.com\/en\/wp-json\/wp\/v2\/media?parent=9277"}],"wp:term":[{"taxonomy":"product_brand","embeddable":true,"href":"https:\/\/www.vallesalado.com\/en\/wp-json\/wp\/v2\/product_brand?post=9277"},{"taxonomy":"product_cat","embeddable":true,"href":"https:\/\/www.vallesalado.com\/en\/wp-json\/wp\/v2\/product_cat?post=9277"},{"taxonomy":"product_tag","embeddable":true,"href":"https:\/\/www.vallesalado.com\/en\/wp-json\/wp\/v2\/product_tag?post=9277"}],"curies":[{"name":"wp","href":"https:\/\/api.w.org\/{rel}","templated":true}]}}