{"id":7369,"date":"2024-12-03T17:41:47","date_gmt":"2024-12-03T16:41:47","guid":{"rendered":"https:\/\/vallesalado.com\/sel-danana\/ambassadors\/dani-garcia\/"},"modified":"2025-05-19T21:57:34","modified_gmt":"2025-05-19T19:57:34","slug":"dani-garcia","status":"publish","type":"page","link":"https:\/\/www.vallesalado.com\/fr\/sel-danana\/ambassadors\/dani-garcia\/","title":{"rendered":"Dani Garc\u00eda"},"content":{"rendered":"\t\t<div data-elementor-type=\"wp-page\" data-elementor-id=\"7369\" class=\"elementor elementor-7369 elementor-288\" data-elementor-post-type=\"page\">\n\t\t\t\t\t\t<section class=\"elementor-section elementor-top-section elementor-element elementor-element-418ec00 elementor-section-boxed elementor-section-height-default elementor-section-height-default\" data-id=\"418ec00\" data-element_type=\"section\" data-settings=\"{&quot;background_background&quot;:&quot;classic&quot;}\">\n\t\t\t\t\t\t<div class=\"elementor-container elementor-column-gap-default\">\n\t\t\t\t\t<div class=\"elementor-column elementor-col-100 elementor-top-column elementor-element elementor-element-3003744\" data-id=\"3003744\" data-element_type=\"column\">\n\t\t\t<div class=\"elementor-widget-wrap elementor-element-populated\">\n\t\t\t\t\t\t<div class=\"elementor-element elementor-element-ed83e73 elementor-widget elementor-widget-heading\" data-id=\"ed83e73\" data-element_type=\"widget\" data-widget_type=\"heading.default\">\n\t\t\t\t<div class=\"elementor-widget-container\">\n\t\t\t\t\t<h1 class=\"elementor-heading-title elementor-size-default\">Dani Garc\u00eda<\/h1>\t\t\t\t<\/div>\n\t\t\t\t<\/div>\n\t\t\t\t<div class=\"elementor-element elementor-element-0b89c7a elementor-align-center elementor-widget elementor-widget-breadcrumbs\" data-id=\"0b89c7a\" data-element_type=\"widget\" data-widget_type=\"breadcrumbs.default\">\n\t\t\t\t<div class=\"elementor-widget-container\">\n\t\t\t\t\t<p id=\"breadcrumbs\"><span><span><a href=\"https:\/\/www.vallesalado.com\/fr\/\">Valle Salado<\/a><\/span><\/span><\/p>\t\t\t\t<\/div>\n\t\t\t\t<\/div>\n\t\t\t\t\t<\/div>\n\t\t<\/div>\n\t\t\t\t\t<\/div>\n\t\t<\/section>\n\t\t\t\t<section class=\"elementor-section elementor-top-section elementor-element elementor-element-76f6f5b elementor-section-boxed elementor-section-height-default elementor-section-height-default\" data-id=\"76f6f5b\" data-element_type=\"section\">\n\t\t\t\t\t\t<div class=\"elementor-container elementor-column-gap-wider\">\n\t\t\t\t\t<div class=\"elementor-column elementor-col-100 elementor-top-column elementor-element elementor-element-f8db841\" data-id=\"f8db841\" data-element_type=\"column\">\n\t\t\t<div class=\"elementor-widget-wrap elementor-element-populated\">\n\t\t\t\t\t\t<div class=\"elementor-element elementor-element-0fd9964 elementor-widget elementor-widget-image\" data-id=\"0fd9964\" data-element_type=\"widget\" data-widget_type=\"image.default\">\n\t\t\t\t<div class=\"elementor-widget-container\">\n\t\t\t\t\t\t\t\t\t\t\t\t\t\t\t<img fetchpriority=\"high\" decoding=\"async\" width=\"400\" height=\"400\" src=\"https:\/\/www.vallesalado.com\/wp-content\/uploads\/2024\/12\/embajadores-logo-dani-garcia.webp\" class=\"attachment-full size-full wp-image-4334\" alt=\"\" srcset=\"https:\/\/www.vallesalado.com\/wp-content\/uploads\/2024\/12\/embajadores-logo-dani-garcia.webp 400w, https:\/\/www.vallesalado.com\/wp-content\/uploads\/2024\/12\/embajadores-logo-dani-garcia-300x300.webp 300w, https:\/\/www.vallesalado.com\/wp-content\/uploads\/2024\/12\/embajadores-logo-dani-garcia-150x150.webp 150w, https:\/\/www.vallesalado.com\/wp-content\/uploads\/2024\/12\/embajadores-logo-dani-garcia-100x100.webp 100w\" sizes=\"(max-width: 400px) 100vw, 400px\" \/>\t\t\t\t\t\t\t\t\t\t\t\t\t\t\t<\/div>\n\t\t\t\t<\/div>\n\t\t\t\t<div class=\"elementor-element elementor-element-d1edbeb elementor-widget elementor-widget-text-editor\" data-id=\"d1edbeb\" data-element_type=\"widget\" data-widget_type=\"text-editor.default\">\n\t\t\t\t<div class=\"elementor-widget-container\">\n\t\t\t\t\t\t\t\t\t<p>Le chef de Malaga Dani Garc\u00eda est devenu en 2013 ambassadeur international du sel d\u2019A\u00f1ana.<\/p>\t\t\t\t\t\t\t\t<\/div>\n\t\t\t\t<\/div>\n\t\t\t\t<section class=\"elementor-section elementor-inner-section elementor-element elementor-element-059bbfb elementor-section-boxed elementor-section-height-default elementor-section-height-default\" data-id=\"059bbfb\" data-element_type=\"section\">\n\t\t\t\t\t\t<div class=\"elementor-container elementor-column-gap-default\">\n\t\t\t\t\t<div class=\"elementor-column elementor-col-33 elementor-inner-column elementor-element elementor-element-cc8f6d8\" data-id=\"cc8f6d8\" data-element_type=\"column\">\n\t\t\t<div class=\"elementor-widget-wrap elementor-element-populated\">\n\t\t\t\t\t\t<div class=\"elementor-element elementor-element-a27182d elementor-widget elementor-widget-text-editor\" data-id=\"a27182d\" data-element_type=\"widget\" data-widget_type=\"text-editor.default\">\n\t\t\t\t<div class=\"elementor-widget-container\">\n\t\t\t\t\t\t\t\t\t<p>Dani Garc\u00eda<\/p>\t\t\t\t\t\t\t\t<\/div>\n\t\t\t\t<\/div>\n\t\t\t\t\t<\/div>\n\t\t<\/div>\n\t\t\t\t<div class=\"elementor-column elementor-col-33 elementor-inner-column elementor-element elementor-element-50dd1e7\" data-id=\"50dd1e7\" data-element_type=\"column\">\n\t\t\t<div class=\"elementor-widget-wrap elementor-element-populated\">\n\t\t\t\t\t\t<div class=\"elementor-element elementor-element-eace0e3 elementor-widget elementor-widget-text-editor\" data-id=\"eace0e3\" data-element_type=\"widget\" data-widget_type=\"text-editor.default\">\n\t\t\t\t<div class=\"elementor-widget-container\">\n\t\t\t\t\t\t\t\t\t<p>Bulevar Pr\u00edncipe Alfonso von Hohenlohe s\/n 29602 Marbella<br>Tel: +34 952 764 252<\/p>\t\t\t\t\t\t\t\t<\/div>\n\t\t\t\t<\/div>\n\t\t\t\t\t<\/div>\n\t\t<\/div>\n\t\t\t\t<div class=\"elementor-column elementor-col-33 elementor-inner-column elementor-element elementor-element-c04d3ef\" data-id=\"c04d3ef\" data-element_type=\"column\">\n\t\t\t<div class=\"elementor-widget-wrap elementor-element-populated\">\n\t\t\t\t\t\t<div class=\"elementor-element elementor-element-89b3374 elementor-widget elementor-widget-text-editor\" data-id=\"89b3374\" data-element_type=\"widget\" data-widget_type=\"text-editor.default\">\n\t\t\t\t<div class=\"elementor-widget-container\">\n\t\t\t\t\t\t\t\t\t<a href=\"https:\/\/www.grupodanigarcia.com\" target=\"_blank\" rel=\"noopener\">www.grupodanigarcia.com<\/a>\t\t\t\t\t\t\t\t<\/div>\n\t\t\t\t<\/div>\n\t\t\t\t\t<\/div>\n\t\t<\/div>\n\t\t\t\t\t<\/div>\n\t\t<\/section>\n\t\t\t\t\t<\/div>\n\t\t<\/div>\n\t\t\t\t\t<\/div>\n\t\t<\/section>\n\t\t\t\t<section class=\"elementor-section elementor-top-section elementor-element elementor-element-db708c8 elementor-section-boxed elementor-section-height-default elementor-section-height-default\" data-id=\"db708c8\" data-element_type=\"section\">\n\t\t\t\t\t\t<div class=\"elementor-container elementor-column-gap-wider\">\n\t\t\t\t\t<div class=\"elementor-column elementor-col-50 elementor-top-column elementor-element elementor-element-14fcd9b\" data-id=\"14fcd9b\" data-element_type=\"column\">\n\t\t\t<div class=\"elementor-widget-wrap elementor-element-populated\">\n\t\t\t\t\t\t<div class=\"elementor-element elementor-element-aa2b02c elementor-widget elementor-widget-text-editor\" data-id=\"aa2b02c\" data-element_type=\"widget\" data-widget_type=\"text-editor.default\">\n\t\t\t\t<div class=\"elementor-widget-container\">\n\t\t\t\t\t\t\t\t\t<p>Le chef <strong>Dani Garc\u00eda <\/strong>(Marbella, 1975) est consid\u00e9r\u00e9 comme l&rsquo;un des chefs espagnols les plus talentueux. D\u00e9but 2014, il a lanc\u00e9 un nouveau projet dans sa ville natale, Marbella, apr\u00e8s avoir quitt\u00e9 le restaurant Calima. \u00c0 dix-huit ans, il entra \u00e0 l&rsquo;\u00e9cole d&rsquo;h\u00f4tellerie de Malaga \u00ab\u00a0La C\u00f3nsula\u00a0\u00bb. <\/p><p>\u00c0 dix-huit ans, il entra \u00e0 l&rsquo;\u00e9cole d&rsquo;h\u00f4tellerie de Malaga \u00ab\u00a0La C\u00f3nsula\u00a0\u00bb. Et pendant les trois premi\u00e8res ann\u00e9es, il a appris la base de la gastronomie nationale. Son id\u00e9e sur la cuisine a chang\u00e9 lorsqu&rsquo;il est entr\u00e9 en 1996 comme apprenti dans le restaurant de Mart\u00edn Berasategui. Apr\u00e8s cette \u00e9tape, il est devenu une partie de la cuisine dans plusieurs restaurants de Malaga.   <\/p><p>Parmi les nombreuses r\u00e9compenses remport\u00e9es par le chef de Marbella, se distingue le prix \u00ab Chef L&rsquo;Avenir \u00bb (meilleur jeune chef d&rsquo;Europe) de l&rsquo;Acad\u00e9mie Internationale de Gastronomie, qui l&rsquo;a plac\u00e9 sur toutes les listes comme l&rsquo;un des meilleurs chefs d&rsquo;aujourd&rsquo;hui et avec les plus grandes perspectives d&rsquo;avenir. Il dispose \u00e9galement de trois autres restaurants : BIBO Marbella, BIBO Madrid et Lobito de Mar. Il dispose \u00e9galement d&rsquo;une ligne de restauration qui op\u00e8re dans toute l&rsquo;Espagne et \u00e0 l&rsquo;\u00e9tranger.  <\/p><p>La cuisine de Dani Garc\u00eda est innovante, fond\u00e9e sur les contrastes, mais embrasse \u00e9galement les saveurs traditionnelles de la cuisine du sud de l&rsquo;Espagne. Apr\u00e8s avoir obtenu trois \u00e9toiles Michelin, il a ferm\u00e9 le restaurant, d\u00e9termin\u00e9 \u00e0 faire conna\u00eetre sa cuisine au monde.<\/p>\t\t\t\t\t\t\t\t<\/div>\n\t\t\t\t<\/div>\n\t\t\t\t\t<\/div>\n\t\t<\/div>\n\t\t\t\t<div class=\"elementor-column elementor-col-50 elementor-top-column elementor-element elementor-element-32ad9d1\" data-id=\"32ad9d1\" data-element_type=\"column\">\n\t\t\t<div class=\"elementor-widget-wrap elementor-element-populated\">\n\t\t\t\t\t\t<div class=\"elementor-element elementor-element-8759ee3 elementor-widget elementor-widget-image\" data-id=\"8759ee3\" data-element_type=\"widget\" data-widget_type=\"image.default\">\n\t\t\t\t<div class=\"elementor-widget-container\">\n\t\t\t\t\t\t\t\t\t\t\t\t\t\t\t<img decoding=\"async\" width=\"800\" height=\"1054\" src=\"https:\/\/www.vallesalado.com\/wp-content\/uploads\/2024\/12\/dani-garcia-principal.webp\" class=\"attachment-full size-full wp-image-4337\" alt=\"\" srcset=\"https:\/\/www.vallesalado.com\/wp-content\/uploads\/2024\/12\/dani-garcia-principal.webp 800w, https:\/\/www.vallesalado.com\/wp-content\/uploads\/2024\/12\/dani-garcia-principal-228x300.webp 228w, https:\/\/www.vallesalado.com\/wp-content\/uploads\/2024\/12\/dani-garcia-principal-777x1024.webp 777w, https:\/\/www.vallesalado.com\/wp-content\/uploads\/2024\/12\/dani-garcia-principal-768x1012.webp 768w, https:\/\/www.vallesalado.com\/wp-content\/uploads\/2024\/12\/dani-garcia-principal-600x791.webp 600w\" sizes=\"(max-width: 800px) 100vw, 800px\" \/>\t\t\t\t\t\t\t\t\t\t\t\t\t\t\t<\/div>\n\t\t\t\t<\/div>\n\t\t\t\t<div class=\"elementor-element elementor-element-6e1add1 e-transform elementor-widget elementor-widget-image\" data-id=\"6e1add1\" data-element_type=\"widget\" data-settings=\"{&quot;_transform_translateX_effect&quot;:{&quot;unit&quot;:&quot;px&quot;,&quot;size&quot;:220,&quot;sizes&quot;:[]},&quot;_transform_translateX_effect_tablet&quot;:{&quot;unit&quot;:&quot;px&quot;,&quot;size&quot;:106,&quot;sizes&quot;:[]},&quot;_transform_translateX_effect_mobile&quot;:{&quot;unit&quot;:&quot;px&quot;,&quot;size&quot;:20,&quot;sizes&quot;:[]},&quot;_transform_translateY_effect&quot;:{&quot;unit&quot;:&quot;px&quot;,&quot;size&quot;:-147,&quot;sizes&quot;:[]},&quot;_transform_translateY_effect_tablet&quot;:{&quot;unit&quot;:&quot;px&quot;,&quot;size&quot;:-86,&quot;sizes&quot;:[]},&quot;_transform_translateY_effect_mobile&quot;:{&quot;unit&quot;:&quot;px&quot;,&quot;size&quot;:-110,&quot;sizes&quot;:[]}}\" data-widget_type=\"image.default\">\n\t\t\t\t<div class=\"elementor-widget-container\">\n\t\t\t\t\t\t\t\t\t\t\t\t\t\t\t<img decoding=\"async\" width=\"600\" height=\"600\" src=\"https:\/\/www.vallesalado.com\/wp-content\/uploads\/2024\/12\/valle-salado-gota-06.webp\" class=\"attachment-full size-full wp-image-4487\" alt=\"\" srcset=\"https:\/\/www.vallesalado.com\/wp-content\/uploads\/2024\/12\/valle-salado-gota-06.webp 600w, https:\/\/www.vallesalado.com\/wp-content\/uploads\/2024\/12\/valle-salado-gota-06-300x300.webp 300w, https:\/\/www.vallesalado.com\/wp-content\/uploads\/2024\/12\/valle-salado-gota-06-150x150.webp 150w, https:\/\/www.vallesalado.com\/wp-content\/uploads\/2024\/12\/valle-salado-gota-06-100x100.webp 100w\" sizes=\"(max-width: 600px) 100vw, 600px\" \/>\t\t\t\t\t\t\t\t\t\t\t\t\t\t\t<\/div>\n\t\t\t\t<\/div>\n\t\t\t\t\t<\/div>\n\t\t<\/div>\n\t\t\t\t\t<\/div>\n\t\t<\/section>\n\t\t\t\t<\/div>\n\t\t","protected":false},"excerpt":{"rendered":"<p>Le chef de Malaga Dani Garc\u00eda est devenu en 2013 ambassadeur international du sel d\u2019A\u00f1ana. Dani Garc\u00eda Bulevar Pr\u00edncipe Alfonso von Hohenlohe s\/n 29602 MarbellaTel: +34 952 764 252 www.grupodanigarcia.com Le chef Dani Garc\u00eda (Marbella, 1975) est consid\u00e9r\u00e9 comme l&rsquo;un des chefs espagnols les plus talentueux. D\u00e9but 2014, il a lanc\u00e9 un nouveau projet dans [&hellip;]<\/p>\n","protected":false},"author":1,"featured_media":4148,"parent":6983,"menu_order":0,"comment_status":"closed","ping_status":"closed","template":"","meta":{"inline_featured_image":false,"footnotes":"","_links_to":"","_links_to_target":""},"class_list":["post-7369","page","type-page","status-publish","has-post-thumbnail","hentry"],"yoast_head":"<!-- This site is optimized with the Yoast SEO plugin v26.7 - https:\/\/yoast.com\/wordpress\/plugins\/seo\/ -->\n<title>Dani Garc\u00eda - Valle Salado de A\u00f1ana<\/title>\n<meta name=\"description\" content=\"Le chef Dani Garc\u00eda, originaire de Malaga et connu pour son innovation et sa cuisine \u00e9toil\u00e9e au Michelin, fait la promotion de la cuisine du sud de l&#039;Espagne \u00e0 l&#039;\u00e9chelle internationale.\" \/>\n<meta name=\"robots\" content=\"index, follow, max-snippet:-1, max-image-preview:large, max-video-preview:-1\" \/>\n<link rel=\"canonical\" href=\"https:\/\/www.vallesalado.com\/fr\/sel-danana\/ambassadors\/dani-garcia\/\" \/>\n<meta property=\"og:locale\" content=\"fr_FR\" \/>\n<meta property=\"og:type\" content=\"article\" \/>\n<meta property=\"og:title\" content=\"Dani Garc\u00eda - Valle Salado de A\u00f1ana\" \/>\n<meta property=\"og:description\" content=\"Le chef Dani Garc\u00eda, originaire de Malaga et connu pour son innovation et sa cuisine \u00e9toil\u00e9e au Michelin, fait la promotion de la cuisine du sud de l&#039;Espagne \u00e0 l&#039;\u00e9chelle internationale.\" \/>\n<meta property=\"og:url\" content=\"https:\/\/www.vallesalado.com\/fr\/sel-danana\/ambassadors\/dani-garcia\/\" \/>\n<meta property=\"og:site_name\" content=\"Valle Salado de A\u00f1ana\" \/>\n<meta property=\"article:publisher\" content=\"https:\/\/www.facebook.com\/ValleSaladodeAnana\" \/>\n<meta property=\"article:modified_time\" content=\"2025-05-19T19:57:34+00:00\" \/>\n<meta property=\"og:image\" content=\"https:\/\/www.vallesalado.com\/wp-content\/uploads\/2024\/12\/valle-salado-miniatura.webp\" \/>\n\t<meta property=\"og:image:width\" content=\"1200\" \/>\n\t<meta property=\"og:image:height\" content=\"630\" \/>\n\t<meta property=\"og:image:type\" content=\"image\/webp\" \/>\n<meta name=\"twitter:card\" content=\"summary_large_image\" \/>\n<meta name=\"twitter:site\" content=\"@vallesalado\" \/>\n<meta name=\"twitter:label1\" content=\"Dur\u00e9e de lecture estim\u00e9e\" \/>\n\t<meta name=\"twitter:data1\" content=\"1 minute\" \/>\n<script type=\"application\/ld+json\" class=\"yoast-schema-graph\">{\"@context\":\"https:\/\/schema.org\",\"@graph\":[{\"@type\":\"WebPage\",\"@id\":\"https:\/\/www.vallesalado.com\/fr\/sel-danana\/ambassadors\/dani-garcia\/\",\"url\":\"https:\/\/www.vallesalado.com\/fr\/sel-danana\/ambassadors\/dani-garcia\/\",\"name\":\"Dani Garc\u00eda - Valle Salado de A\u00f1ana\",\"isPartOf\":{\"@id\":\"https:\/\/www.vallesalado.com\/fr\/#website\"},\"primaryImageOfPage\":{\"@id\":\"https:\/\/www.vallesalado.com\/fr\/sel-danana\/ambassadors\/dani-garcia\/#primaryimage\"},\"image\":{\"@id\":\"https:\/\/www.vallesalado.com\/fr\/sel-danana\/ambassadors\/dani-garcia\/#primaryimage\"},\"thumbnailUrl\":\"https:\/\/www.vallesalado.com\/wp-content\/uploads\/2024\/12\/valle-salado-miniatura.webp\",\"datePublished\":\"2024-12-03T16:41:47+00:00\",\"dateModified\":\"2025-05-19T19:57:34+00:00\",\"description\":\"Le chef Dani Garc\u00eda, originaire de Malaga et connu pour son innovation et sa cuisine \u00e9toil\u00e9e au Michelin, fait la promotion de la cuisine du sud de l'Espagne \u00e0 l'\u00e9chelle internationale.\",\"breadcrumb\":{\"@id\":\"https:\/\/www.vallesalado.com\/fr\/sel-danana\/ambassadors\/dani-garcia\/#breadcrumb\"},\"inLanguage\":\"fr-FR\",\"potentialAction\":[{\"@type\":\"ReadAction\",\"target\":[\"https:\/\/www.vallesalado.com\/fr\/sel-danana\/ambassadors\/dani-garcia\/\"]}]},{\"@type\":\"ImageObject\",\"inLanguage\":\"fr-FR\",\"@id\":\"https:\/\/www.vallesalado.com\/fr\/sel-danana\/ambassadors\/dani-garcia\/#primaryimage\",\"url\":\"https:\/\/www.vallesalado.com\/wp-content\/uploads\/2024\/12\/valle-salado-miniatura.webp\",\"contentUrl\":\"https:\/\/www.vallesalado.com\/wp-content\/uploads\/2024\/12\/valle-salado-miniatura.webp\",\"width\":1200,\"height\":630},{\"@type\":\"BreadcrumbList\",\"@id\":\"https:\/\/www.vallesalado.com\/fr\/sel-danana\/ambassadors\/dani-garcia\/#breadcrumb\",\"itemListElement\":[{\"@type\":\"ListItem\",\"position\":1,\"name\":\"Valle Salado\",\"item\":\"https:\/\/www.vallesalado.com\/fr\/\"},{\"@type\":\"ListItem\",\"position\":2,\"name\":\"Sel d&rsquo;A\u00f1ana\",\"item\":\"https:\/\/www.vallesalado.com\/fr\/sel-danana\/\"},{\"@type\":\"ListItem\",\"position\":3,\"name\":\"Ambassadeurs\",\"item\":\"https:\/\/www.vallesalado.com\/fr\/sel-danana\/ambassadors\/\"},{\"@type\":\"ListItem\",\"position\":4,\"name\":\"Dani Garc\u00eda\"}]},{\"@type\":\"WebSite\",\"@id\":\"https:\/\/www.vallesalado.com\/fr\/#website\",\"url\":\"https:\/\/www.vallesalado.com\/fr\/\",\"name\":\"Valle Salado de A\u00f1ana\",\"description\":\"Valle Salado de A\u00f1ana\",\"publisher\":{\"@id\":\"https:\/\/www.vallesalado.com\/fr\/#organization\"},\"potentialAction\":[{\"@type\":\"SearchAction\",\"target\":{\"@type\":\"EntryPoint\",\"urlTemplate\":\"https:\/\/www.vallesalado.com\/fr\/?s={search_term_string}\"},\"query-input\":{\"@type\":\"PropertyValueSpecification\",\"valueRequired\":true,\"valueName\":\"search_term_string\"}}],\"inLanguage\":\"fr-FR\"},{\"@type\":\"Organization\",\"@id\":\"https:\/\/www.vallesalado.com\/fr\/#organization\",\"name\":\"Valle Salado de A\u00f1ana\",\"url\":\"https:\/\/www.vallesalado.com\/fr\/\",\"logo\":{\"@type\":\"ImageObject\",\"inLanguage\":\"fr-FR\",\"@id\":\"https:\/\/www.vallesalado.com\/fr\/#\/schema\/logo\/image\/\",\"url\":\"https:\/\/www.vallesalado.com\/wp-content\/uploads\/2025\/05\/logo-valle-salado.webp\",\"contentUrl\":\"https:\/\/www.vallesalado.com\/wp-content\/uploads\/2025\/05\/logo-valle-salado.webp\",\"width\":600,\"height\":143,\"caption\":\"Valle Salado de A\u00f1ana\"},\"image\":{\"@id\":\"https:\/\/www.vallesalado.com\/fr\/#\/schema\/logo\/image\/\"},\"sameAs\":[\"https:\/\/www.facebook.com\/ValleSaladodeAnana\",\"https:\/\/x.com\/vallesalado\",\"https:\/\/www.instagram.com\/vallesalado\/\"]}]}<\/script>\n<!-- \/ Yoast SEO plugin. -->","yoast_head_json":{"title":"Dani Garc\u00eda - Valle Salado de A\u00f1ana","description":"Le chef Dani Garc\u00eda, originaire de Malaga et connu pour son innovation et sa cuisine \u00e9toil\u00e9e au Michelin, fait la promotion de la cuisine du sud de l'Espagne \u00e0 l'\u00e9chelle internationale.","robots":{"index":"index","follow":"follow","max-snippet":"max-snippet:-1","max-image-preview":"max-image-preview:large","max-video-preview":"max-video-preview:-1"},"canonical":"https:\/\/www.vallesalado.com\/fr\/sel-danana\/ambassadors\/dani-garcia\/","og_locale":"fr_FR","og_type":"article","og_title":"Dani Garc\u00eda - Valle Salado de A\u00f1ana","og_description":"Le chef Dani Garc\u00eda, originaire de Malaga et connu pour son innovation et sa cuisine \u00e9toil\u00e9e au Michelin, fait la promotion de la cuisine du sud de l'Espagne \u00e0 l'\u00e9chelle internationale.","og_url":"https:\/\/www.vallesalado.com\/fr\/sel-danana\/ambassadors\/dani-garcia\/","og_site_name":"Valle Salado de A\u00f1ana","article_publisher":"https:\/\/www.facebook.com\/ValleSaladodeAnana","article_modified_time":"2025-05-19T19:57:34+00:00","og_image":[{"width":1200,"height":630,"url":"https:\/\/www.vallesalado.com\/wp-content\/uploads\/2024\/12\/valle-salado-miniatura.webp","type":"image\/webp"}],"twitter_card":"summary_large_image","twitter_site":"@vallesalado","twitter_misc":{"Dur\u00e9e de lecture estim\u00e9e":"1 minute"},"schema":{"@context":"https:\/\/schema.org","@graph":[{"@type":"WebPage","@id":"https:\/\/www.vallesalado.com\/fr\/sel-danana\/ambassadors\/dani-garcia\/","url":"https:\/\/www.vallesalado.com\/fr\/sel-danana\/ambassadors\/dani-garcia\/","name":"Dani Garc\u00eda - Valle Salado de A\u00f1ana","isPartOf":{"@id":"https:\/\/www.vallesalado.com\/fr\/#website"},"primaryImageOfPage":{"@id":"https:\/\/www.vallesalado.com\/fr\/sel-danana\/ambassadors\/dani-garcia\/#primaryimage"},"image":{"@id":"https:\/\/www.vallesalado.com\/fr\/sel-danana\/ambassadors\/dani-garcia\/#primaryimage"},"thumbnailUrl":"https:\/\/www.vallesalado.com\/wp-content\/uploads\/2024\/12\/valle-salado-miniatura.webp","datePublished":"2024-12-03T16:41:47+00:00","dateModified":"2025-05-19T19:57:34+00:00","description":"Le chef Dani Garc\u00eda, originaire de Malaga et connu pour son innovation et sa cuisine \u00e9toil\u00e9e au Michelin, fait la promotion de la cuisine du sud de l'Espagne \u00e0 l'\u00e9chelle internationale.","breadcrumb":{"@id":"https:\/\/www.vallesalado.com\/fr\/sel-danana\/ambassadors\/dani-garcia\/#breadcrumb"},"inLanguage":"fr-FR","potentialAction":[{"@type":"ReadAction","target":["https:\/\/www.vallesalado.com\/fr\/sel-danana\/ambassadors\/dani-garcia\/"]}]},{"@type":"ImageObject","inLanguage":"fr-FR","@id":"https:\/\/www.vallesalado.com\/fr\/sel-danana\/ambassadors\/dani-garcia\/#primaryimage","url":"https:\/\/www.vallesalado.com\/wp-content\/uploads\/2024\/12\/valle-salado-miniatura.webp","contentUrl":"https:\/\/www.vallesalado.com\/wp-content\/uploads\/2024\/12\/valle-salado-miniatura.webp","width":1200,"height":630},{"@type":"BreadcrumbList","@id":"https:\/\/www.vallesalado.com\/fr\/sel-danana\/ambassadors\/dani-garcia\/#breadcrumb","itemListElement":[{"@type":"ListItem","position":1,"name":"Valle Salado","item":"https:\/\/www.vallesalado.com\/fr\/"},{"@type":"ListItem","position":2,"name":"Sel d&rsquo;A\u00f1ana","item":"https:\/\/www.vallesalado.com\/fr\/sel-danana\/"},{"@type":"ListItem","position":3,"name":"Ambassadeurs","item":"https:\/\/www.vallesalado.com\/fr\/sel-danana\/ambassadors\/"},{"@type":"ListItem","position":4,"name":"Dani Garc\u00eda"}]},{"@type":"WebSite","@id":"https:\/\/www.vallesalado.com\/fr\/#website","url":"https:\/\/www.vallesalado.com\/fr\/","name":"Valle Salado de A\u00f1ana","description":"Valle Salado de A\u00f1ana","publisher":{"@id":"https:\/\/www.vallesalado.com\/fr\/#organization"},"potentialAction":[{"@type":"SearchAction","target":{"@type":"EntryPoint","urlTemplate":"https:\/\/www.vallesalado.com\/fr\/?s={search_term_string}"},"query-input":{"@type":"PropertyValueSpecification","valueRequired":true,"valueName":"search_term_string"}}],"inLanguage":"fr-FR"},{"@type":"Organization","@id":"https:\/\/www.vallesalado.com\/fr\/#organization","name":"Valle Salado de A\u00f1ana","url":"https:\/\/www.vallesalado.com\/fr\/","logo":{"@type":"ImageObject","inLanguage":"fr-FR","@id":"https:\/\/www.vallesalado.com\/fr\/#\/schema\/logo\/image\/","url":"https:\/\/www.vallesalado.com\/wp-content\/uploads\/2025\/05\/logo-valle-salado.webp","contentUrl":"https:\/\/www.vallesalado.com\/wp-content\/uploads\/2025\/05\/logo-valle-salado.webp","width":600,"height":143,"caption":"Valle Salado de A\u00f1ana"},"image":{"@id":"https:\/\/www.vallesalado.com\/fr\/#\/schema\/logo\/image\/"},"sameAs":["https:\/\/www.facebook.com\/ValleSaladodeAnana","https:\/\/x.com\/vallesalado","https:\/\/www.instagram.com\/vallesalado\/"]}]}},"_links":{"self":[{"href":"https:\/\/www.vallesalado.com\/fr\/wp-json\/wp\/v2\/pages\/7369","targetHints":{"allow":["GET"]}}],"collection":[{"href":"https:\/\/www.vallesalado.com\/fr\/wp-json\/wp\/v2\/pages"}],"about":[{"href":"https:\/\/www.vallesalado.com\/fr\/wp-json\/wp\/v2\/types\/page"}],"author":[{"embeddable":true,"href":"https:\/\/www.vallesalado.com\/fr\/wp-json\/wp\/v2\/users\/1"}],"replies":[{"embeddable":true,"href":"https:\/\/www.vallesalado.com\/fr\/wp-json\/wp\/v2\/comments?post=7369"}],"version-history":[{"count":2,"href":"https:\/\/www.vallesalado.com\/fr\/wp-json\/wp\/v2\/pages\/7369\/revisions"}],"predecessor-version":[{"id":7371,"href":"https:\/\/www.vallesalado.com\/fr\/wp-json\/wp\/v2\/pages\/7369\/revisions\/7371"}],"up":[{"embeddable":true,"href":"https:\/\/www.vallesalado.com\/fr\/wp-json\/wp\/v2\/pages\/6983"}],"wp:featuredmedia":[{"embeddable":true,"href":"https:\/\/www.vallesalado.com\/fr\/wp-json\/wp\/v2\/media\/4148"}],"wp:attachment":[{"href":"https:\/\/www.vallesalado.com\/fr\/wp-json\/wp\/v2\/media?parent=7369"}],"curies":[{"name":"wp","href":"https:\/\/api.w.org\/{rel}","templated":true}]}}