{"id":7544,"date":"2024-12-03T17:50:44","date_gmt":"2024-12-03T16:50:44","guid":{"rendered":"https:\/\/vallesalado.com\/politique-de-vente\/"},"modified":"2025-05-20T12:35:33","modified_gmt":"2025-05-20T10:35:33","slug":"politique-de-vente","status":"publish","type":"page","link":"https:\/\/www.vallesalado.com\/fr\/politique-de-vente\/","title":{"rendered":"Politique de vente"},"content":{"rendered":"\t\t<div data-elementor-type=\"wp-page\" data-elementor-id=\"7544\" class=\"elementor elementor-7544 elementor-330\" data-elementor-post-type=\"page\">\n\t\t\t\t\t\t<section class=\"elementor-section elementor-top-section elementor-element elementor-element-5a5dd14 elementor-section-boxed elementor-section-height-default elementor-section-height-default\" data-id=\"5a5dd14\" data-element_type=\"section\" data-settings=\"{&quot;background_background&quot;:&quot;classic&quot;}\">\n\t\t\t\t\t\t<div class=\"elementor-container elementor-column-gap-default\">\n\t\t\t\t\t<div class=\"elementor-column elementor-col-100 elementor-top-column elementor-element elementor-element-8312b5c\" data-id=\"8312b5c\" data-element_type=\"column\">\n\t\t\t<div class=\"elementor-widget-wrap elementor-element-populated\">\n\t\t\t\t\t\t<div class=\"elementor-element elementor-element-9abe4e8 elementor-widget elementor-widget-heading\" data-id=\"9abe4e8\" data-element_type=\"widget\" data-widget_type=\"heading.default\">\n\t\t\t\t<div class=\"elementor-widget-container\">\n\t\t\t\t\t<h1 class=\"elementor-heading-title elementor-size-default\">Politique de vente<\/h1>\t\t\t\t<\/div>\n\t\t\t\t<\/div>\n\t\t\t\t<div class=\"elementor-element elementor-element-dced6f8 elementor-align-center elementor-widget elementor-widget-breadcrumbs\" data-id=\"dced6f8\" data-element_type=\"widget\" data-widget_type=\"breadcrumbs.default\">\n\t\t\t\t<div class=\"elementor-widget-container\">\n\t\t\t\t\t<p id=\"breadcrumbs\"><span><span><a href=\"https:\/\/www.vallesalado.com\/fr\/\">Valle Salado<\/a><\/span><\/span><\/p>\t\t\t\t<\/div>\n\t\t\t\t<\/div>\n\t\t\t\t\t<\/div>\n\t\t<\/div>\n\t\t\t\t\t<\/div>\n\t\t<\/section>\n\t\t\t\t<section class=\"elementor-section elementor-top-section elementor-element elementor-element-51ab3f2 elementor-section-boxed elementor-section-height-default elementor-section-height-default\" data-id=\"51ab3f2\" data-element_type=\"section\">\n\t\t\t\t\t\t<div class=\"elementor-container elementor-column-gap-default\">\n\t\t\t\t\t<div class=\"elementor-column elementor-col-100 elementor-top-column elementor-element elementor-element-021b43f\" data-id=\"021b43f\" data-element_type=\"column\">\n\t\t\t<div class=\"elementor-widget-wrap elementor-element-populated\">\n\t\t\t\t\t\t<div class=\"elementor-element elementor-element-47ea402 elementor-widget elementor-widget-text-editor\" data-id=\"47ea402\" data-element_type=\"widget\" data-widget_type=\"text-editor.default\">\n\t\t\t\t<div class=\"elementor-widget-container\">\n\t\t\t\t\t\t\t\t\t<p><strong>CLAUSE DE LA POLITIQUE DE CONFIDENTIALIT\u00c9<\/strong><\/p><p>Pour effectuer un achat dans la boutique en ligne de la Vall\u00e9e Sal\u00e9e d&rsquo;A\u00f1ana (ci-apr\u00e8s \u00ab Boutique en Ligne \u00bb), l&rsquo;Utilisateur peut le faire sans ou avec inscription pr\u00e9alable, en cr\u00e9ant un \u00ab Compte Utilisateur \u00bb.<\/p><p>De m\u00eame, lors de l&rsquo;utilisation de la Boutique en ligne, l&rsquo;Utilisateur doit prendre en compte les informations suivantes.<\/p><p><strong>Processus d&rsquo;achat dans la boutique en ligne<\/strong><\/p><p>\u00c9tape 1. Il existe un catalogue de produits o\u00f9 tous les articles disponibles apparaissent. La boutique en ligne est accessible depuis le bouton \u00ab Boutique en ligne \u00bb ou depuis le menu \u00ab Boutique en ligne \u00bb.  <\/p><p>En acc\u00e9dant \u00e0 la boutique en ligne, l&rsquo;utilisateur pourra visualiser les diff\u00e9rents articles disponibles dans la boutique en ligne. En passant le curseur de la souris sur le nom ou l&rsquo;image de l&rsquo;article, l&rsquo;utilisateur peut obtenir toutes les informations d\u00e9taill\u00e9es le concernant. <\/p><p>\u00c9tape 2. Une fois l\u2019article s\u00e9lectionn\u00e9 et, le cas \u00e9ch\u00e9ant, la quantit\u00e9 souhait\u00e9e, l\u2019Utilisateur doit cliquer sur l\u2019option \u00ab Ajouter \u00bb pour chaque produit. Une fen\u00eatre, \u00ab Votre achat \u00bb, s&rsquo;ouvrira automatiquement dans le coin sup\u00e9rieur droit de l&rsquo;\u00e9cran, o\u00f9 l&rsquo;utilisateur pourra consulter la liste des produits s\u00e9lectionn\u00e9s jusqu&rsquo;\u00e0 ce point. L&rsquo;Utilisateur aura la possibilit\u00e9 \u00e0 tout moment de modifier le nombre d&rsquo;unit\u00e9s, de supprimer le produit s\u00e9lectionn\u00e9 en r\u00e9duisant le nombre d&rsquo;unit\u00e9s \u00e0 0, et m\u00eame de supprimer tous les produits de la commande en cliquant sur le bouton \u00ab Vider \u00bb. L&rsquo;utilisateur peut continuer \u00e0 ajouter des articles \u00e0 la commande en cliquant sur le bouton \u00ab Ajouter \u00bb pour chaque produit.    <\/p><p>L&rsquo;Utilisateur pourra voir \u00e0 tout moment dans la fen\u00eatre \u00ab Votre Achat \u00bb la quantit\u00e9 d&rsquo;articles de la commande et le montant cumul\u00e9 de la commande en cours.<\/p><p>\u00c9tape 3. Une fois que l&rsquo;utilisateur a termin\u00e9 de s\u00e9lectionner les articles qu&rsquo;il souhaite acheter, il peut proc\u00e9der \u00e0 sa commande en cliquant sur le bouton \u00ab Passer votre commande \u00bb dans la fen\u00eatre \u00ab Votre achat \u00bb. <\/p><p>L&rsquo;Utilisateur peut ensuite passer la commande en tant qu&rsquo;invit\u00e9, ou s&rsquo;inscrire et passer la commande, en acceptant la Politique de Protection des Donn\u00e9es de Vallesalado.com.<\/p><p>\u00c9tape 4. Si l&rsquo;utilisateur n&rsquo;est pas enregistr\u00e9, il devra renseigner ses informations de facturation, ses informations d&rsquo;exp\u00e9dition et son mode de paiement. <\/p><p>L&rsquo;Utilisateur doit \u00eatre conscient que la Boutique en Ligne accepte uniquement les paiements par carte de cr\u00e9dit. Pour saisir vos coordonn\u00e9es bancaires, cliquez sur le bouton \u00ab Passer votre commande \u00bb. Ce processus sera r\u00e9alis\u00e9 via une passerelle de paiement avec une banque, dans un environnement s\u00e9curis\u00e9, et signifiera que les informations fournies seront enregistr\u00e9es dans les fichiers de FVS m\u00eame si le paiement n&rsquo;est pas effectu\u00e9.  <\/p><p>Le transfert de propri\u00e9t\u00e9 des biens achet\u00e9s aura lieu lors de la livraison de la commande \u00e0 l&rsquo;adresse indiqu\u00e9e par l&rsquo;Utilisateur sur le formulaire correspondant.<\/p><p>\u00c9tape 5. Une fois le processus termin\u00e9, un \u00e9cran appara\u00eetra avec les d\u00e9tails de la commande, que l&rsquo;utilisateur a la possibilit\u00e9 d&rsquo;imprimer en cliquant sur le bouton \u00ab Imprimer \u00bb. Dans tous les cas, l&rsquo;Utilisateur recevra une confirmation de la commande \u00e0 l&rsquo;adresse email fournie.  <\/p><p>Si vous avez des questions concernant le processus d&rsquo;achat, les utilisateurs peuvent contacter la boutique en ligne par les moyens suivants :<\/p><p>&#8211; T\u00e9l\u00e9phone : (+34) 945351413 (du lundi au vendredi pendant les heures de bureau)<\/p><p>&#8211; Fax: (+34) 945351426<\/p><p>&#8211; E-mail: info@vallesalado.com<\/p><p><strong>Informations pertinentes sur la boutique en ligne<\/strong><\/p><p><strong>1. Conditions de livraison<\/strong><\/p><p>La boutique en ligne s&rsquo;efforce de fournir le meilleur service possible \u00e0 tous ses utilisateurs et clients. Les exp\u00e9ditions peuvent \u00eatre effectu\u00e9es vers n&rsquo;importe quel point en Espagne. <\/p><p>Heure de sortie de l&rsquo;entrep\u00f4t<\/p><p>Le d\u00e9lai maximum de livraison depuis l&rsquo;entrep\u00f4t est de 72 heures (\u00e0 condition que l&rsquo;article soit en stock), sauf si la commande est pass\u00e9e un vendredi, auquel cas, la commande quittera l&rsquo;entrep\u00f4t le lundi suivant.<\/p><p>D\u00e9lai de livraison<\/p><p>Une fois la commande transf\u00e9r\u00e9e \u00e0 la soci\u00e9t\u00e9 de transport, celle-ci tentera de la livrer \u00e0 l&rsquo;Utilisateur le plus rapidement possible, mais FVS ne peut pas confirmer le d\u00e9lai de livraison exact car cela d\u00e9pendra des conditions de livraison.<\/p><p><strong>2. Prix<\/strong><\/p><p>Les prix des produits pouvant \u00eatre achet\u00e9s dans la boutique en ligne et affich\u00e9s sur Vallesalado.com incluent la taxe sur la valeur ajout\u00e9e (\u00ab TVA \u00bb), \u00e0 l&rsquo;exception des billets, qui en sont exon\u00e9r\u00e9s.<\/p><p><strong>3. Frais d&rsquo;exp\u00e9dition<\/strong><\/p><p>Les exp\u00e9ditions seront effectu\u00e9es par l&rsquo;interm\u00e9diaire d&rsquo;une compagnie maritime autre que FVS, et les frais d&rsquo;exp\u00e9dition seront r\u00e9gis par leurs tarifs en vigueur. Les frais de port seront communiqu\u00e9s dans l&#8217;email de confirmation de commande et seront enti\u00e8rement \u00e0 la charge de l&rsquo;Utilisateur. <\/p><p>Si le montant de la commande d\u00e9passe 100 euros (hors TVA), l&rsquo;utilisateur n&rsquo;a pas \u00e0 payer de frais de port.<\/p><p><strong>4. Retour des articles<\/strong><\/p><p>En cas d&rsquo;erreur ou si l&rsquo;un des articles livr\u00e9s est d\u00e9fectueux, l&rsquo;Utilisateur qui choisit de remplacer l&rsquo;article disposera d&rsquo;un d\u00e9lai de 7 jours calendaires \u00e0 compter de la r\u00e9ception de la commande pour signaler ces circonstances \u00e0 FVS. Dans ce cas, l&rsquo;Utilisateur peut demander l&rsquo;annulation en appelant le 945351413. <\/p><p>Les articles en question doivent \u00eatre envoy\u00e9s \u00e0 l&rsquo;adresse indiqu\u00e9e \u00e0 l&rsquo;article 1 des pr\u00e9sentes Conditions G\u00e9n\u00e9rales.<\/p><p>FVS remboursera \u00e0 l&rsquo;Utilisateur les frais de retour uniquement lorsque le retour est d\u00fb \u00e0 une erreur imputable \u00e0 FVS ou lorsque le produit est d\u00e9fectueux.<\/p><p>Dans le cas des billets, sauf en cas d&rsquo;erreur imputable \u00e0 FVS, le montant ne sera pas rembours\u00e9, mais l&rsquo;Utilisateur aura la possibilit\u00e9 de les \u00e9changer contre d&rsquo;autres pour une autre heure ou date.<\/p><p>Annulation d&rsquo;une commande<\/p><p>L&rsquo;Utilisateur peut annuler une commande d\u00e9j\u00e0 pass\u00e9e sans frais suppl\u00e9mentaires, \u00e0 condition qu&rsquo;elle n&rsquo;ait pas atteint l&rsquo;\u00e9tape d&rsquo;exp\u00e9dition. Dans ce cas, l&rsquo;Utilisateur peut demander l&rsquo;annulation en appelant le 945351413. <\/p><p><strong>Acceptation des conditions g\u00e9n\u00e9rales et particuli\u00e8res<\/strong><\/p><p>La finalisation et la soumission du bon de commande impliquent l&rsquo;acceptation pleine et enti\u00e8re par l&rsquo;Utilisateur de chacune des Conditions G\u00e9n\u00e9rales et Particuli\u00e8res correspondantes.<\/p>\t\t\t\t\t\t\t\t<\/div>\n\t\t\t\t<\/div>\n\t\t\t\t\t<\/div>\n\t\t<\/div>\n\t\t\t\t\t<\/div>\n\t\t<\/section>\n\t\t\t\t<\/div>\n\t\t","protected":false},"excerpt":{"rendered":"<p>CLAUSE DE LA POLITIQUE DE CONFIDENTIALIT\u00c9 Pour effectuer un achat dans la boutique en ligne de la Vall\u00e9e Sal\u00e9e d&rsquo;A\u00f1ana (ci-apr\u00e8s \u00ab Boutique en Ligne \u00bb), l&rsquo;Utilisateur peut le faire sans ou avec inscription pr\u00e9alable, en cr\u00e9ant un \u00ab Compte Utilisateur \u00bb. De m\u00eame, lors de l&rsquo;utilisation de la Boutique en ligne, l&rsquo;Utilisateur doit prendre [&hellip;]<\/p>\n","protected":false},"author":1,"featured_media":4148,"parent":0,"menu_order":0,"comment_status":"closed","ping_status":"closed","template":"","meta":{"inline_featured_image":false,"footnotes":"","_links_to":"","_links_to_target":""},"class_list":["post-7544","page","type-page","status-publish","has-post-thumbnail","hentry"],"yoast_head":"<!-- This site is optimized with the Yoast SEO plugin v26.7 - https:\/\/yoast.com\/wordpress\/plugins\/seo\/ -->\n<title>Politique de vente - Valle Salado de A\u00f1ana<\/title>\n<meta name=\"description\" content=\"Conditions d&#039;achat claires et s\u00e9curis\u00e9es dans la boutique en ligne Valle Salado de A\u00f1ana. D\u00e9couvrez nos produits et la livraison \u00e0 domicile.\" \/>\n<meta name=\"robots\" content=\"index, follow, max-snippet:-1, max-image-preview:large, max-video-preview:-1\" \/>\n<link rel=\"canonical\" href=\"https:\/\/www.vallesalado.com\/fr\/politique-de-vente\/\" \/>\n<meta property=\"og:locale\" content=\"fr_FR\" \/>\n<meta property=\"og:type\" content=\"article\" \/>\n<meta property=\"og:title\" content=\"Politique de vente - Valle Salado de A\u00f1ana\" \/>\n<meta property=\"og:description\" content=\"Conditions d&#039;achat claires et s\u00e9curis\u00e9es dans la boutique en ligne Valle Salado de A\u00f1ana. D\u00e9couvrez nos produits et la livraison \u00e0 domicile.\" \/>\n<meta property=\"og:url\" content=\"https:\/\/www.vallesalado.com\/fr\/politique-de-vente\/\" \/>\n<meta property=\"og:site_name\" content=\"Valle Salado de A\u00f1ana\" \/>\n<meta property=\"article:publisher\" content=\"https:\/\/www.facebook.com\/ValleSaladodeAnana\" \/>\n<meta property=\"article:modified_time\" content=\"2025-05-20T10:35:33+00:00\" \/>\n<meta property=\"og:image\" content=\"https:\/\/www.vallesalado.com\/wp-content\/uploads\/2024\/12\/valle-salado-miniatura.webp\" \/>\n\t<meta property=\"og:image:width\" content=\"1200\" \/>\n\t<meta property=\"og:image:height\" content=\"630\" \/>\n\t<meta property=\"og:image:type\" content=\"image\/webp\" \/>\n<meta name=\"twitter:card\" content=\"summary_large_image\" \/>\n<meta name=\"twitter:site\" content=\"@vallesalado\" \/>\n<meta name=\"twitter:label1\" content=\"Dur\u00e9e de lecture estim\u00e9e\" \/>\n\t<meta name=\"twitter:data1\" content=\"5 minutes\" \/>\n<script type=\"application\/ld+json\" class=\"yoast-schema-graph\">{\"@context\":\"https:\/\/schema.org\",\"@graph\":[{\"@type\":\"WebPage\",\"@id\":\"https:\/\/www.vallesalado.com\/fr\/politique-de-vente\/\",\"url\":\"https:\/\/www.vallesalado.com\/fr\/politique-de-vente\/\",\"name\":\"Politique de vente - Valle Salado de A\u00f1ana\",\"isPartOf\":{\"@id\":\"https:\/\/www.vallesalado.com\/fr\/#website\"},\"primaryImageOfPage\":{\"@id\":\"https:\/\/www.vallesalado.com\/fr\/politique-de-vente\/#primaryimage\"},\"image\":{\"@id\":\"https:\/\/www.vallesalado.com\/fr\/politique-de-vente\/#primaryimage\"},\"thumbnailUrl\":\"https:\/\/www.vallesalado.com\/wp-content\/uploads\/2024\/12\/valle-salado-miniatura.webp\",\"datePublished\":\"2024-12-03T16:50:44+00:00\",\"dateModified\":\"2025-05-20T10:35:33+00:00\",\"description\":\"Conditions d'achat claires et s\u00e9curis\u00e9es dans la boutique en ligne Valle Salado de A\u00f1ana. D\u00e9couvrez nos produits et la livraison \u00e0 domicile.\",\"breadcrumb\":{\"@id\":\"https:\/\/www.vallesalado.com\/fr\/politique-de-vente\/#breadcrumb\"},\"inLanguage\":\"fr-FR\",\"potentialAction\":[{\"@type\":\"ReadAction\",\"target\":[\"https:\/\/www.vallesalado.com\/fr\/politique-de-vente\/\"]}]},{\"@type\":\"ImageObject\",\"inLanguage\":\"fr-FR\",\"@id\":\"https:\/\/www.vallesalado.com\/fr\/politique-de-vente\/#primaryimage\",\"url\":\"https:\/\/www.vallesalado.com\/wp-content\/uploads\/2024\/12\/valle-salado-miniatura.webp\",\"contentUrl\":\"https:\/\/www.vallesalado.com\/wp-content\/uploads\/2024\/12\/valle-salado-miniatura.webp\",\"width\":1200,\"height\":630},{\"@type\":\"BreadcrumbList\",\"@id\":\"https:\/\/www.vallesalado.com\/fr\/politique-de-vente\/#breadcrumb\",\"itemListElement\":[{\"@type\":\"ListItem\",\"position\":1,\"name\":\"Valle Salado\",\"item\":\"https:\/\/www.vallesalado.com\/fr\/\"},{\"@type\":\"ListItem\",\"position\":2,\"name\":\"Politique de vente\"}]},{\"@type\":\"WebSite\",\"@id\":\"https:\/\/www.vallesalado.com\/fr\/#website\",\"url\":\"https:\/\/www.vallesalado.com\/fr\/\",\"name\":\"Valle Salado de A\u00f1ana\",\"description\":\"Valle Salado de A\u00f1ana\",\"publisher\":{\"@id\":\"https:\/\/www.vallesalado.com\/fr\/#organization\"},\"potentialAction\":[{\"@type\":\"SearchAction\",\"target\":{\"@type\":\"EntryPoint\",\"urlTemplate\":\"https:\/\/www.vallesalado.com\/fr\/?s={search_term_string}\"},\"query-input\":{\"@type\":\"PropertyValueSpecification\",\"valueRequired\":true,\"valueName\":\"search_term_string\"}}],\"inLanguage\":\"fr-FR\"},{\"@type\":\"Organization\",\"@id\":\"https:\/\/www.vallesalado.com\/fr\/#organization\",\"name\":\"Valle Salado de A\u00f1ana\",\"url\":\"https:\/\/www.vallesalado.com\/fr\/\",\"logo\":{\"@type\":\"ImageObject\",\"inLanguage\":\"fr-FR\",\"@id\":\"https:\/\/www.vallesalado.com\/fr\/#\/schema\/logo\/image\/\",\"url\":\"https:\/\/www.vallesalado.com\/wp-content\/uploads\/2025\/05\/logo-valle-salado.webp\",\"contentUrl\":\"https:\/\/www.vallesalado.com\/wp-content\/uploads\/2025\/05\/logo-valle-salado.webp\",\"width\":600,\"height\":143,\"caption\":\"Valle Salado de A\u00f1ana\"},\"image\":{\"@id\":\"https:\/\/www.vallesalado.com\/fr\/#\/schema\/logo\/image\/\"},\"sameAs\":[\"https:\/\/www.facebook.com\/ValleSaladodeAnana\",\"https:\/\/x.com\/vallesalado\",\"https:\/\/www.instagram.com\/vallesalado\/\"]}]}<\/script>\n<!-- \/ Yoast SEO plugin. -->","yoast_head_json":{"title":"Politique de vente - Valle Salado de A\u00f1ana","description":"Conditions d'achat claires et s\u00e9curis\u00e9es dans la boutique en ligne Valle Salado de A\u00f1ana. D\u00e9couvrez nos produits et la livraison \u00e0 domicile.","robots":{"index":"index","follow":"follow","max-snippet":"max-snippet:-1","max-image-preview":"max-image-preview:large","max-video-preview":"max-video-preview:-1"},"canonical":"https:\/\/www.vallesalado.com\/fr\/politique-de-vente\/","og_locale":"fr_FR","og_type":"article","og_title":"Politique de vente - Valle Salado de A\u00f1ana","og_description":"Conditions d'achat claires et s\u00e9curis\u00e9es dans la boutique en ligne Valle Salado de A\u00f1ana. D\u00e9couvrez nos produits et la livraison \u00e0 domicile.","og_url":"https:\/\/www.vallesalado.com\/fr\/politique-de-vente\/","og_site_name":"Valle Salado de A\u00f1ana","article_publisher":"https:\/\/www.facebook.com\/ValleSaladodeAnana","article_modified_time":"2025-05-20T10:35:33+00:00","og_image":[{"width":1200,"height":630,"url":"https:\/\/www.vallesalado.com\/wp-content\/uploads\/2024\/12\/valle-salado-miniatura.webp","type":"image\/webp"}],"twitter_card":"summary_large_image","twitter_site":"@vallesalado","twitter_misc":{"Dur\u00e9e de lecture estim\u00e9e":"5 minutes"},"schema":{"@context":"https:\/\/schema.org","@graph":[{"@type":"WebPage","@id":"https:\/\/www.vallesalado.com\/fr\/politique-de-vente\/","url":"https:\/\/www.vallesalado.com\/fr\/politique-de-vente\/","name":"Politique de vente - Valle Salado de A\u00f1ana","isPartOf":{"@id":"https:\/\/www.vallesalado.com\/fr\/#website"},"primaryImageOfPage":{"@id":"https:\/\/www.vallesalado.com\/fr\/politique-de-vente\/#primaryimage"},"image":{"@id":"https:\/\/www.vallesalado.com\/fr\/politique-de-vente\/#primaryimage"},"thumbnailUrl":"https:\/\/www.vallesalado.com\/wp-content\/uploads\/2024\/12\/valle-salado-miniatura.webp","datePublished":"2024-12-03T16:50:44+00:00","dateModified":"2025-05-20T10:35:33+00:00","description":"Conditions d'achat claires et s\u00e9curis\u00e9es dans la boutique en ligne Valle Salado de A\u00f1ana. D\u00e9couvrez nos produits et la livraison \u00e0 domicile.","breadcrumb":{"@id":"https:\/\/www.vallesalado.com\/fr\/politique-de-vente\/#breadcrumb"},"inLanguage":"fr-FR","potentialAction":[{"@type":"ReadAction","target":["https:\/\/www.vallesalado.com\/fr\/politique-de-vente\/"]}]},{"@type":"ImageObject","inLanguage":"fr-FR","@id":"https:\/\/www.vallesalado.com\/fr\/politique-de-vente\/#primaryimage","url":"https:\/\/www.vallesalado.com\/wp-content\/uploads\/2024\/12\/valle-salado-miniatura.webp","contentUrl":"https:\/\/www.vallesalado.com\/wp-content\/uploads\/2024\/12\/valle-salado-miniatura.webp","width":1200,"height":630},{"@type":"BreadcrumbList","@id":"https:\/\/www.vallesalado.com\/fr\/politique-de-vente\/#breadcrumb","itemListElement":[{"@type":"ListItem","position":1,"name":"Valle Salado","item":"https:\/\/www.vallesalado.com\/fr\/"},{"@type":"ListItem","position":2,"name":"Politique de vente"}]},{"@type":"WebSite","@id":"https:\/\/www.vallesalado.com\/fr\/#website","url":"https:\/\/www.vallesalado.com\/fr\/","name":"Valle Salado de A\u00f1ana","description":"Valle Salado de A\u00f1ana","publisher":{"@id":"https:\/\/www.vallesalado.com\/fr\/#organization"},"potentialAction":[{"@type":"SearchAction","target":{"@type":"EntryPoint","urlTemplate":"https:\/\/www.vallesalado.com\/fr\/?s={search_term_string}"},"query-input":{"@type":"PropertyValueSpecification","valueRequired":true,"valueName":"search_term_string"}}],"inLanguage":"fr-FR"},{"@type":"Organization","@id":"https:\/\/www.vallesalado.com\/fr\/#organization","name":"Valle Salado de A\u00f1ana","url":"https:\/\/www.vallesalado.com\/fr\/","logo":{"@type":"ImageObject","inLanguage":"fr-FR","@id":"https:\/\/www.vallesalado.com\/fr\/#\/schema\/logo\/image\/","url":"https:\/\/www.vallesalado.com\/wp-content\/uploads\/2025\/05\/logo-valle-salado.webp","contentUrl":"https:\/\/www.vallesalado.com\/wp-content\/uploads\/2025\/05\/logo-valle-salado.webp","width":600,"height":143,"caption":"Valle Salado de A\u00f1ana"},"image":{"@id":"https:\/\/www.vallesalado.com\/fr\/#\/schema\/logo\/image\/"},"sameAs":["https:\/\/www.facebook.com\/ValleSaladodeAnana","https:\/\/x.com\/vallesalado","https:\/\/www.instagram.com\/vallesalado\/"]}]}},"_links":{"self":[{"href":"https:\/\/www.vallesalado.com\/fr\/wp-json\/wp\/v2\/pages\/7544","targetHints":{"allow":["GET"]}}],"collection":[{"href":"https:\/\/www.vallesalado.com\/fr\/wp-json\/wp\/v2\/pages"}],"about":[{"href":"https:\/\/www.vallesalado.com\/fr\/wp-json\/wp\/v2\/types\/page"}],"author":[{"embeddable":true,"href":"https:\/\/www.vallesalado.com\/fr\/wp-json\/wp\/v2\/users\/1"}],"replies":[{"embeddable":true,"href":"https:\/\/www.vallesalado.com\/fr\/wp-json\/wp\/v2\/comments?post=7544"}],"version-history":[{"count":1,"href":"https:\/\/www.vallesalado.com\/fr\/wp-json\/wp\/v2\/pages\/7544\/revisions"}],"predecessor-version":[{"id":7545,"href":"https:\/\/www.vallesalado.com\/fr\/wp-json\/wp\/v2\/pages\/7544\/revisions\/7545"}],"wp:featuredmedia":[{"embeddable":true,"href":"https:\/\/www.vallesalado.com\/fr\/wp-json\/wp\/v2\/media\/4148"}],"wp:attachment":[{"href":"https:\/\/www.vallesalado.com\/fr\/wp-json\/wp\/v2\/media?parent=7544"}],"curies":[{"name":"wp","href":"https:\/\/api.w.org\/{rel}","templated":true}]}}