{"id":7762,"date":"2025-02-06T12:55:08","date_gmt":"2025-02-06T11:55:08","guid":{"rendered":"https:\/\/vallesalado.com\/producto\/sel-de-source-liquide-250-ml\/"},"modified":"2025-02-06T12:55:08","modified_gmt":"2025-02-06T11:55:08","slug":"sel-de-source-liquide-250-ml","status":"publish","type":"product","link":"https:\/\/www.vallesalado.com\/fr\/producto\/sel-de-source-liquide-250-ml\/","title":{"rendered":"Sel de source liquide 250 ml"},"content":{"rendered":"<p>De l&rsquo;or liquide qui coule des sources, naturellement concentr\u00e9 pour atteindre 280 grammes de sel par litre.<br \/>\nCela aide \u00e0 prendre soin de votre sant\u00e9 car vous avez besoin d\u2019une plus petite quantit\u00e9. Sp\u00e9cial pour assaisonner les salades et arroser les viandes et les poissons avant la cuisson. <\/p>\n","protected":false},"excerpt":{"rendered":"<p>De l&rsquo;or liquide qui coule des sources, naturellement concentr\u00e9 pour atteindre 280 grammes de sel par litre. Cela aide \u00e0 prendre soin de votre sant\u00e9 car vous avez besoin d\u2019une plus petite quantit\u00e9. Sp\u00e9cial pour assaisonner les salades et arroser les viandes et les poissons avant la cuisson.<\/p>\n","protected":false},"featured_media":5525,"comment_status":"open","ping_status":"closed","template":"","meta":{"inline_featured_image":false,"_links_to":"","_links_to_target":""},"product_brand":[],"product_cat":[73],"product_tag":[],"class_list":{"0":"post-7762","1":"product","2":"type-product","3":"status-publish","4":"has-post-thumbnail","6":"product_cat-collection-boite-noire","8":"first","9":"instock","10":"taxable","11":"shipping-taxable","12":"purchasable","13":"product-type-simple"},"yoast_head":"<!-- This site is optimized with the Yoast SEO plugin v26.7 - https:\/\/yoast.com\/wordpress\/plugins\/seo\/ -->\n<title>Sel de source liquide 250 ml - Valle Salado de A\u00f1ana<\/title>\n<meta name=\"robots\" content=\"index, follow, max-snippet:-1, max-image-preview:large, max-video-preview:-1\" \/>\n<link rel=\"canonical\" href=\"https:\/\/www.vallesalado.com\/fr\/producto\/sel-de-source-liquide-250-ml\/\" \/>\n<meta property=\"og:locale\" content=\"fr_FR\" \/>\n<meta property=\"og:type\" content=\"article\" \/>\n<meta property=\"og:title\" content=\"Sel de source liquide 250 ml - Valle Salado de A\u00f1ana\" \/>\n<meta property=\"og:description\" content=\"De l&rsquo;or liquide qui coule des sources, naturellement concentr\u00e9 pour atteindre 280 grammes de sel par litre. Cela aide \u00e0 prendre soin de votre sant\u00e9 car vous avez besoin d\u2019une plus petite quantit\u00e9. Sp\u00e9cial pour assaisonner les salades et arroser les viandes et les poissons avant la cuisson.\" \/>\n<meta property=\"og:url\" content=\"https:\/\/www.vallesalado.com\/fr\/producto\/sel-de-source-liquide-250-ml\/\" \/>\n<meta property=\"og:site_name\" content=\"Valle Salado de A\u00f1ana\" \/>\n<meta property=\"article:publisher\" content=\"https:\/\/www.facebook.com\/ValleSaladodeAnana\" \/>\n<meta property=\"og:image\" content=\"https:\/\/www.vallesalado.com\/wp-content\/uploads\/2025\/02\/sal-liquida.webp\" \/>\n\t<meta property=\"og:image:width\" content=\"800\" \/>\n\t<meta property=\"og:image:height\" content=\"800\" \/>\n\t<meta property=\"og:image:type\" content=\"image\/webp\" \/>\n<meta name=\"twitter:card\" content=\"summary_large_image\" \/>\n<meta name=\"twitter:site\" content=\"@vallesalado\" \/>\n<script type=\"application\/ld+json\" class=\"yoast-schema-graph\">{\"@context\":\"https:\/\/schema.org\",\"@graph\":[{\"@type\":\"WebPage\",\"@id\":\"https:\/\/www.vallesalado.com\/fr\/producto\/sel-de-source-liquide-250-ml\/\",\"url\":\"https:\/\/www.vallesalado.com\/fr\/producto\/sel-de-source-liquide-250-ml\/\",\"name\":\"Sel de source liquide 250 ml - Valle Salado de A\u00f1ana\",\"isPartOf\":{\"@id\":\"https:\/\/www.vallesalado.com\/fr\/#website\"},\"primaryImageOfPage\":{\"@id\":\"https:\/\/www.vallesalado.com\/fr\/producto\/sel-de-source-liquide-250-ml\/#primaryimage\"},\"image\":{\"@id\":\"https:\/\/www.vallesalado.com\/fr\/producto\/sel-de-source-liquide-250-ml\/#primaryimage\"},\"thumbnailUrl\":\"https:\/\/www.vallesalado.com\/wp-content\/uploads\/2025\/02\/sal-liquida.webp\",\"datePublished\":\"2025-02-06T11:55:08+00:00\",\"breadcrumb\":{\"@id\":\"https:\/\/www.vallesalado.com\/fr\/producto\/sel-de-source-liquide-250-ml\/#breadcrumb\"},\"inLanguage\":\"fr-FR\",\"potentialAction\":[{\"@type\":\"ReadAction\",\"target\":[\"https:\/\/www.vallesalado.com\/fr\/producto\/sel-de-source-liquide-250-ml\/\"]}]},{\"@type\":\"ImageObject\",\"inLanguage\":\"fr-FR\",\"@id\":\"https:\/\/www.vallesalado.com\/fr\/producto\/sel-de-source-liquide-250-ml\/#primaryimage\",\"url\":\"https:\/\/www.vallesalado.com\/wp-content\/uploads\/2025\/02\/sal-liquida.webp\",\"contentUrl\":\"https:\/\/www.vallesalado.com\/wp-content\/uploads\/2025\/02\/sal-liquida.webp\",\"width\":800,\"height\":800},{\"@type\":\"BreadcrumbList\",\"@id\":\"https:\/\/www.vallesalado.com\/fr\/producto\/sel-de-source-liquide-250-ml\/#breadcrumb\",\"itemListElement\":[{\"@type\":\"ListItem\",\"position\":1,\"name\":\"Valle Salado\",\"item\":\"https:\/\/www.vallesalado.com\/fr\/\"},{\"@type\":\"ListItem\",\"position\":2,\"name\":\"Boutique\",\"item\":\"https:\/\/www.vallesalado.com\/tienda\/\"},{\"@type\":\"ListItem\",\"position\":3,\"name\":\"Sel de source liquide 250 ml\"}]},{\"@type\":\"WebSite\",\"@id\":\"https:\/\/www.vallesalado.com\/fr\/#website\",\"url\":\"https:\/\/www.vallesalado.com\/fr\/\",\"name\":\"Valle Salado de A\u00f1ana\",\"description\":\"Valle Salado de A\u00f1ana\",\"publisher\":{\"@id\":\"https:\/\/www.vallesalado.com\/fr\/#organization\"},\"potentialAction\":[{\"@type\":\"SearchAction\",\"target\":{\"@type\":\"EntryPoint\",\"urlTemplate\":\"https:\/\/www.vallesalado.com\/fr\/?s={search_term_string}\"},\"query-input\":{\"@type\":\"PropertyValueSpecification\",\"valueRequired\":true,\"valueName\":\"search_term_string\"}}],\"inLanguage\":\"fr-FR\"},{\"@type\":\"Organization\",\"@id\":\"https:\/\/www.vallesalado.com\/fr\/#organization\",\"name\":\"Valle Salado de A\u00f1ana\",\"url\":\"https:\/\/www.vallesalado.com\/fr\/\",\"logo\":{\"@type\":\"ImageObject\",\"inLanguage\":\"fr-FR\",\"@id\":\"https:\/\/www.vallesalado.com\/fr\/#\/schema\/logo\/image\/\",\"url\":\"https:\/\/www.vallesalado.com\/wp-content\/uploads\/2025\/05\/logo-valle-salado.webp\",\"contentUrl\":\"https:\/\/www.vallesalado.com\/wp-content\/uploads\/2025\/05\/logo-valle-salado.webp\",\"width\":600,\"height\":143,\"caption\":\"Valle Salado de A\u00f1ana\"},\"image\":{\"@id\":\"https:\/\/www.vallesalado.com\/fr\/#\/schema\/logo\/image\/\"},\"sameAs\":[\"https:\/\/www.facebook.com\/ValleSaladodeAnana\",\"https:\/\/x.com\/vallesalado\",\"https:\/\/www.instagram.com\/vallesalado\/\"]}]}<\/script>\n<!-- \/ Yoast SEO plugin. -->","yoast_head_json":{"title":"Sel de source liquide 250 ml - Valle Salado de A\u00f1ana","robots":{"index":"index","follow":"follow","max-snippet":"max-snippet:-1","max-image-preview":"max-image-preview:large","max-video-preview":"max-video-preview:-1"},"canonical":"https:\/\/www.vallesalado.com\/fr\/producto\/sel-de-source-liquide-250-ml\/","og_locale":"fr_FR","og_type":"article","og_title":"Sel de source liquide 250 ml - Valle Salado de A\u00f1ana","og_description":"De l&rsquo;or liquide qui coule des sources, naturellement concentr\u00e9 pour atteindre 280 grammes de sel par litre. Cela aide \u00e0 prendre soin de votre sant\u00e9 car vous avez besoin d\u2019une plus petite quantit\u00e9. Sp\u00e9cial pour assaisonner les salades et arroser les viandes et les poissons avant la cuisson.","og_url":"https:\/\/www.vallesalado.com\/fr\/producto\/sel-de-source-liquide-250-ml\/","og_site_name":"Valle Salado de A\u00f1ana","article_publisher":"https:\/\/www.facebook.com\/ValleSaladodeAnana","og_image":[{"width":800,"height":800,"url":"https:\/\/www.vallesalado.com\/wp-content\/uploads\/2025\/02\/sal-liquida.webp","type":"image\/webp"}],"twitter_card":"summary_large_image","twitter_site":"@vallesalado","schema":{"@context":"https:\/\/schema.org","@graph":[{"@type":"WebPage","@id":"https:\/\/www.vallesalado.com\/fr\/producto\/sel-de-source-liquide-250-ml\/","url":"https:\/\/www.vallesalado.com\/fr\/producto\/sel-de-source-liquide-250-ml\/","name":"Sel de source liquide 250 ml - Valle Salado de A\u00f1ana","isPartOf":{"@id":"https:\/\/www.vallesalado.com\/fr\/#website"},"primaryImageOfPage":{"@id":"https:\/\/www.vallesalado.com\/fr\/producto\/sel-de-source-liquide-250-ml\/#primaryimage"},"image":{"@id":"https:\/\/www.vallesalado.com\/fr\/producto\/sel-de-source-liquide-250-ml\/#primaryimage"},"thumbnailUrl":"https:\/\/www.vallesalado.com\/wp-content\/uploads\/2025\/02\/sal-liquida.webp","datePublished":"2025-02-06T11:55:08+00:00","breadcrumb":{"@id":"https:\/\/www.vallesalado.com\/fr\/producto\/sel-de-source-liquide-250-ml\/#breadcrumb"},"inLanguage":"fr-FR","potentialAction":[{"@type":"ReadAction","target":["https:\/\/www.vallesalado.com\/fr\/producto\/sel-de-source-liquide-250-ml\/"]}]},{"@type":"ImageObject","inLanguage":"fr-FR","@id":"https:\/\/www.vallesalado.com\/fr\/producto\/sel-de-source-liquide-250-ml\/#primaryimage","url":"https:\/\/www.vallesalado.com\/wp-content\/uploads\/2025\/02\/sal-liquida.webp","contentUrl":"https:\/\/www.vallesalado.com\/wp-content\/uploads\/2025\/02\/sal-liquida.webp","width":800,"height":800},{"@type":"BreadcrumbList","@id":"https:\/\/www.vallesalado.com\/fr\/producto\/sel-de-source-liquide-250-ml\/#breadcrumb","itemListElement":[{"@type":"ListItem","position":1,"name":"Valle Salado","item":"https:\/\/www.vallesalado.com\/fr\/"},{"@type":"ListItem","position":2,"name":"Boutique","item":"https:\/\/www.vallesalado.com\/tienda\/"},{"@type":"ListItem","position":3,"name":"Sel de source liquide 250 ml"}]},{"@type":"WebSite","@id":"https:\/\/www.vallesalado.com\/fr\/#website","url":"https:\/\/www.vallesalado.com\/fr\/","name":"Valle Salado de A\u00f1ana","description":"Valle Salado de A\u00f1ana","publisher":{"@id":"https:\/\/www.vallesalado.com\/fr\/#organization"},"potentialAction":[{"@type":"SearchAction","target":{"@type":"EntryPoint","urlTemplate":"https:\/\/www.vallesalado.com\/fr\/?s={search_term_string}"},"query-input":{"@type":"PropertyValueSpecification","valueRequired":true,"valueName":"search_term_string"}}],"inLanguage":"fr-FR"},{"@type":"Organization","@id":"https:\/\/www.vallesalado.com\/fr\/#organization","name":"Valle Salado de A\u00f1ana","url":"https:\/\/www.vallesalado.com\/fr\/","logo":{"@type":"ImageObject","inLanguage":"fr-FR","@id":"https:\/\/www.vallesalado.com\/fr\/#\/schema\/logo\/image\/","url":"https:\/\/www.vallesalado.com\/wp-content\/uploads\/2025\/05\/logo-valle-salado.webp","contentUrl":"https:\/\/www.vallesalado.com\/wp-content\/uploads\/2025\/05\/logo-valle-salado.webp","width":600,"height":143,"caption":"Valle Salado de A\u00f1ana"},"image":{"@id":"https:\/\/www.vallesalado.com\/fr\/#\/schema\/logo\/image\/"},"sameAs":["https:\/\/www.facebook.com\/ValleSaladodeAnana","https:\/\/x.com\/vallesalado","https:\/\/www.instagram.com\/vallesalado\/"]}]}},"_links":{"self":[{"href":"https:\/\/www.vallesalado.com\/fr\/wp-json\/wp\/v2\/product\/7762","targetHints":{"allow":["GET"]}}],"collection":[{"href":"https:\/\/www.vallesalado.com\/fr\/wp-json\/wp\/v2\/product"}],"about":[{"href":"https:\/\/www.vallesalado.com\/fr\/wp-json\/wp\/v2\/types\/product"}],"replies":[{"embeddable":true,"href":"https:\/\/www.vallesalado.com\/fr\/wp-json\/wp\/v2\/comments?post=7762"}],"wp:featuredmedia":[{"embeddable":true,"href":"https:\/\/www.vallesalado.com\/fr\/wp-json\/wp\/v2\/media\/5525"}],"wp:attachment":[{"href":"https:\/\/www.vallesalado.com\/fr\/wp-json\/wp\/v2\/media?parent=7762"}],"wp:term":[{"taxonomy":"product_brand","embeddable":true,"href":"https:\/\/www.vallesalado.com\/fr\/wp-json\/wp\/v2\/product_brand?post=7762"},{"taxonomy":"product_cat","embeddable":true,"href":"https:\/\/www.vallesalado.com\/fr\/wp-json\/wp\/v2\/product_cat?post=7762"},{"taxonomy":"product_tag","embeddable":true,"href":"https:\/\/www.vallesalado.com\/fr\/wp-json\/wp\/v2\/product_tag?post=7762"}],"curies":[{"name":"wp","href":"https:\/\/api.w.org\/{rel}","templated":true}]}}